{"id":31642,"date":"2024-04-22T16:43:46","date_gmt":"2024-04-22T15:43:46","guid":{"rendered":"https:\/\/test.institutpsicologia.cat\/terminos-y-condiciones-de-prestacion-del-servicio\/"},"modified":"2024-04-23T09:27:58","modified_gmt":"2024-04-23T08:27:58","slug":"terminos-y-condiciones-de-prestacion-del-servicio","status":"publish","type":"page","link":"https:\/\/test.institutpsicologia.cat\/es\/terminos-y-condiciones-de-prestacion-del-servicio\/","title":{"rendered":"T\u00e9rminos y condiciones"},"content":{"rendered":"\n<div class=\"wp-block-group\"><div class=\"wp-block-group__inner-container is-layout-constrained wp-block-group-is-layout-constrained\">\n<h2 class=\"wp-block-heading has-accent-color has-text-color\"><strong>T\u00e9rminos y condiciones de prestaci\u00f3n del servicio<\/strong><\/h2>\n\n\n\n<h3 class=\"wp-block-heading has-accent-color has-text-color\"><strong>1. Informaci\u00f3n general<\/strong><\/h3>\n\n\n\n<p>Estas condiciones generales se aplican a todas las inscripciones a eventos y a los pagos efectuados dentro del territorio espa\u00f1ol hechos a la FUNDACI\u00d3N INSTITUTO DE PSICOLOG\u00cdA<\/p>\n\n\n\n<p>La FUNDACI\u00d3N INSTITUTO DE PSICOLOG\u00cdA utilizar\u00e1 estos datos para gestionar el servicio de su inscripci\u00f3n a alguna actividad o recurso que haya realizado y para comunicarse con usted. No se utilizar\u00e1n para nada m\u00e1s ni se comunicar\u00e1n a terceros salvo que sea obligatorio por ley o para prestarle un servicio. Si desea ampliar la informaci\u00f3n relativa a la normativa de protecci\u00f3n de datos, visite nuestra Pol\u00edtica de Privacidad.<\/p>\n\n\n\n<h3 class=\"wp-block-heading has-accent-color has-text-color\"><strong>2. Ley aplicable y jurisdicci\u00f3n competente<\/strong><\/h3>\n\n\n\n<p>La ley aplicable y la jurisdicci\u00f3n competente ser\u00e1 la vigente en el derecho espa\u00f1ol<\/p>\n\n\n\n<h3 class=\"wp-block-heading has-accent-color has-text-color\"><strong>3. Precios<\/strong><\/h3>\n\n\n\n<p>Los precios indicados en los cursos, recursos y actividades incluyen los impuestos pertinentes y no hay m\u00e1s gastos que los indicados en cada reserva, en su caso.<\/p>\n\n\n\n<h3 class=\"wp-block-heading has-accent-color has-text-color\"><strong>4. Modo de pago<\/strong><\/h3>\n\n\n\n<p>El pago se realizar\u00e1 con su tarjeta de cr\u00e9dito redirigi\u00e9ndolo a los servicios de Redsys. El m\u00e9todo es del todo seguro y realizado a trav\u00e9s de la pasarela Unificada de Redsys\u00a0\u2013\u00a0Servired\/RedSys.<\/p>\n\n\n\n<h3 class=\"wp-block-heading has-accent-color has-text-color\"><strong>5. Datos del Responsable<\/strong><\/h3>\n\n\n\n<p>Para cumplir con la normativa de la Ley 34\/2002 de Servicios de la Sociedad de la Informaci\u00f3n y del Correo Electr\u00f3nico, as\u00ed como con el Reglamento General de Protecci\u00f3n de Datos (UE) 2016\/679, le informamos de los datos de la FUNDACI\u00d3N INSTITUTO DE PSICOLOG\u00cdA:<\/p>\n\n\n\n<p>Rep\u00fablica Argentina, 182, bajos<br\/>08023 Barcelona<br\/>NIF: G-64471998<\/p>\n\n\n\n<p>Inscrita en el Registro de Fundaciones con el n\u00famero 2425 y provista de C.I.F. G-64471998.\u00a0<\/p>\n\n\n\n<p>Tel\u00e9fono: 93 254 19 16<br\/>e-mail de contacto: <a href=\"mailto:dpo@fundaciocollserola.cat\">dpo@fundaciocollserola.cat<\/a><\/p>\n\n\n\n<p>Este correo de contacto tambi\u00e9n lo puede utilizar para ejercer sus derechos de acceso, rectificaci\u00f3n, cancelaci\u00f3n de sus datos o para oponerse al tratamiento de estos. Para m\u00e1s informaci\u00f3n visite nuestra <a href=\"https:\/\/test.institutpsicologia.cat\/es\/politica-de-privacidad\/\" data-type=\"page\" data-id=\"1148\">Pol\u00edtica de Privacidad<\/a>.<\/p>\n\n\n\n<h3 class=\"wp-block-heading has-accent-color has-text-color\"><strong>6. Condiciones de uso<\/strong><\/h3>\n\n\n\n<p>Al utilizar el servicio de inscripciones en l\u00ednea, usted se compromete a:<\/p>\n\n\n\n<ul class=\"wp-block-list\">\n<li>Que la informaci\u00f3n que proporcione sea veraz y fiable.<\/li>\n\n\n\n<li>Que usted es mayor de 18 a\u00f1os.<\/li>\n\n\n\n<li>Que si inscribe a una tercera persona tiene su permiso para comunicar sus datos<\/li>\n<\/ul>\n\n\n\n<h3 class=\"wp-block-heading has-accent-color has-text-color\"><strong>7. Anulaciones y reembolso<\/strong><\/h3>\n\n\n\n<p>Una vez hecha la reserva, el pago ya estar\u00e1 realizado. Si usted desea cancelar la inscripci\u00f3n al curso o actividad debe comunicarlo enviando un correo electr\u00f3nico a: <a href=\"mailto:institut@institutpsicologia.cat\">institut@institutpsicologia.cat<\/a> antes de 48 horas antes del inicio del evento. El importe abonado ser\u00e1 devuelto por el mismo sistema que se ha pagado.<\/p>\n\n\n\n<p>Si la inscripci\u00f3n ha sido efectuada en un per\u00edodo inferior a los 14 d\u00edas que exige la ley, se entender\u00e1 que el derecho de desistimiento quedar\u00e1 reducido al plazo indicado, hasta dos d\u00edas antes del evento.<\/p>\n\n\n\n<p>No se aceptar\u00e1n anulaciones pasado este plazo de 48 horas, solo se le reembolsar\u00e1 el 50% del importe que haya abonado si lo ha hecho con 24 horas de anticipaci\u00f3n y pasado este tiempo, no se reembolsar\u00e1 ninguna cantidad porque no ser\u00e1 posible cubrir la plaza que haya reservado.<\/p>\n\n\n\n<div style=\"height:100px\" aria-hidden=\"true\" class=\"wp-block-spacer\"><\/div>\n<\/div><\/div>\n","protected":false},"excerpt":{"rendered":"<p>T\u00e9rminos y condiciones de prestaci\u00f3n del servicio 1. Informaci\u00f3n general Estas condiciones generales se aplican a todas las inscripciones a eventos y a los pagos efectuados &#8230; <a title=\"T\u00e9rminos y condiciones\" class=\"read-more\" href=\"https:\/\/test.institutpsicologia.cat\/es\/terminos-y-condiciones-de-prestacion-del-servicio\/\" aria-label=\"Leer m\u00e1s sobre T\u00e9rminos y condiciones\">Leer m\u00e1s<\/a><\/p>\n","protected":false},"author":1,"featured_media":0,"parent":0,"menu_order":0,"comment_status":"closed","ping_status":"closed","template":"","meta":{"_acf_changed":false,"_themeisle_gutenberg_block_has_review":false,"footnotes":""},"class_list":["post-31642","page","type-page","status-publish"],"acf":[],"_links":{"self":[{"href":"https:\/\/test.institutpsicologia.cat\/es\/wp-json\/wp\/v2\/pages\/31642","targetHints":{"allow":["GET"]}}],"collection":[{"href":"https:\/\/test.institutpsicologia.cat\/es\/wp-json\/wp\/v2\/pages"}],"about":[{"href":"https:\/\/test.institutpsicologia.cat\/es\/wp-json\/wp\/v2\/types\/page"}],"author":[{"embeddable":true,"href":"https:\/\/test.institutpsicologia.cat\/es\/wp-json\/wp\/v2\/users\/1"}],"replies":[{"embeddable":true,"href":"https:\/\/test.institutpsicologia.cat\/es\/wp-json\/wp\/v2\/comments?post=31642"}],"version-history":[{"count":2,"href":"https:\/\/test.institutpsicologia.cat\/es\/wp-json\/wp\/v2\/pages\/31642\/revisions"}],"predecessor-version":[{"id":31673,"href":"https:\/\/test.institutpsicologia.cat\/es\/wp-json\/wp\/v2\/pages\/31642\/revisions\/31673"}],"wp:attachment":[{"href":"https:\/\/test.institutpsicologia.cat\/es\/wp-json\/wp\/v2\/media?parent=31642"}],"curies":[{"name":"wp","href":"https:\/\/api.w.org\/{rel}","templated":true}]}}