{"id":31142,"date":"2023-09-18T13:31:04","date_gmt":"2023-09-18T12:31:04","guid":{"rendered":"https:\/\/test.institutpsicologia.cat\/politica-de-cookies"},"modified":"2024-04-22T17:02:07","modified_gmt":"2024-04-22T16:02:07","slug":"politica-de-cookies","status":"publish","type":"page","link":"https:\/\/test.institutpsicologia.cat\/es\/politica-de-cookies\/","title":{"rendered":"Pol\u00edtica de cookies"},"content":{"rendered":"\n<div class=\"wp-block-group\"><div class=\"wp-block-group__inner-container is-layout-constrained wp-block-group-is-layout-constrained\">\n<p>Aquest lloc web utilitza cookies pr\u00f2pies i de tercers la finalitat de les quals \u00e9s facilitar la navegaci\u00f3, el seu correcte funcionament i realitzar estad\u00edstiques de les visites dels usuaris.<\/p>\n\n\n\n<p>En concret, aquest lloc web no recull dades de car\u00e0cter personal, nom\u00e9s utilitza:<\/p>\n\n\n\n<p><em>&#8211;<strong>Cookies t\u00e8cniques<\/strong>: s\u00f3n aquelles que permeten a l&#8217;usuari la navegaci\u00f3 a trav\u00e9s d&#8217;una p\u00e0gina web, plataforma o aplicaci\u00f3, i l&#8217;\u00fas de les diferents opcions o serveis que hi ha en ella, com ara el control de tr\u00e0nsit i la comunicaci\u00f3 de dades, Identificar la sessi\u00f3, accedir a parts d&#8217;acc\u00e9s restringit, realitzar el proc\u00e9s d\u2019adquisici\u00f3 de serveis, fer la sol\u00b7licitud d&#8217;inscripci\u00f3 o participaci\u00f3 en un esdeveniment, utilitzar elements de seguretat durant la navegaci\u00f3.<\/em><\/p>\n\n\n\n<p><em>&#8211;<strong>Cookies de personalitzaci\u00f3<\/strong>: s\u00f3n aquelles que permeten a l&#8217;usuari accedir al servei amb algunes caracter\u00edstiques de car\u00e0cter general predefinides en funci\u00f3 d&#8217;una s\u00e8rie de criteris en el terminal de l&#8217;usuari com ara l&#8217;idioma, el tipus de navegador a Mitjan\u00e7ant el qual accedeix al servei, la configuraci\u00f3 regional des d&#8217;on accedeix al servei, etc.<\/em><\/p>\n\n\n\n<p><em>&#8211;<strong>Cookies d&#8217;an\u00e0lisi:<\/strong> s\u00f3n aquelles que ben tractades per nosaltres o per tercers, ens permeten quantificar el nombre d&#8217;usuaris i aix\u00ed realitzar el mesurament i an\u00e0lisi estad\u00edstica de la utilitzaci\u00f3 que fan els usuaris del servei ofert. Per a aix\u00f2 s&#8217;analitza la seva navegaci\u00f3 a la nostra p\u00e0gina web amb la finalitat de millorar l&#8217;oferta d\u2019informaci\u00f3 o serveis que li oferim.<\/em><\/p>\n\n\n\n<p><em>Vost\u00e8 pot permetre, bloquejar o eliminar les cookies instal\u00b7lades en el seu equip mitjan\u00e7ant la configuraci\u00f3 de les opcions del navegador instal\u00b7lat en el seu ordinador, per\u00f2 en aquest cas no garantim el funcionament de la p\u00e0gina.<\/em><\/p>\n\n\n\n<div style=\"height:65px\" aria-hidden=\"true\" class=\"wp-block-spacer\"><\/div>\n\n\n\n<h3 class=\"wp-block-heading has-accent-color has-text-color\"><strong>Google Analytics<\/strong><\/h3>\n\n\n\n<p>Aquest lloc web utilitza Google Analytics, un servei anal\u00edtic de web prestat per Google, Inc. (\u00abGoogle\u00bb). GoogleAnalyticsutilitza \u00abcookies\u00bb, que s\u00f3n arxius de text ubicats a l&#8217;ordinador, per a l&#8217;ajuda del lloc web per analitzar com els usuaris utilitzen el lloc. La informaci\u00f3 generada per la cookie en el lloc web (incloent-hi l&#8217;adre\u00e7a IP) ser\u00e0 transmesa i emmagatzemada per Google en els servidors dels EUA. En cas d&#8217;activaci\u00f3 de l&#8217;anonimitzaci\u00f3 d&#8217;IP, Google anonimitzar\u00e0 \/ truncar\u00e0 l&#8217;\u00faltim octet de l&#8217;adre\u00e7a IP per Estats de la Uni\u00f3 Europea, aix\u00ed com per a altres parts inclosos en l\u2019acord sobre l&#8217;espai econ\u00f2mic europeu. Nom\u00e9s en casos excepcionals, els servidors de Google als EUA. I accepti la plena adre\u00e7a d&#8217;IP. En el n\u00famero de venedor del lloc web, Google utilitzar\u00e0 aquesta informaci\u00f3 per avaluar l&#8217;\u00fas del lloc web, recopilant informes de l&#8217;activitat del lloc web per als operadors de llocs web i la classe de prove\u00efdors de serveis WEB i l&#8217;\u00fas d&#8217;Internet en el prove\u00efdor\u00a0 de la p\u00e0gina web. Google no associar\u00e0 la seva adre\u00e7a IP amb cap altra dada en possessi\u00f3 de Google.<\/p>\n\n\n\n<p>Podeu rebutjar l&#8217;\u00fas de cookies mitjan\u00e7ant la selecci\u00f3 de la configuraci\u00f3 del navegador. Tanmateix, si fa aix\u00f2, pot ser que no pugui utilitzar la plena funcionalitat d&#8217;aquest lloc web.<\/p>\n\n\n\n<p>A m\u00e9s, podeu evitar que Google recopili i utilitzi dades (cookies i adreces IP) baixant i instal\u00b7lant el connector del navegador disponible a:<\/p>\n\n\n\n<p><a href=\"http:\/\/www.google.com\/intl\/es\/policies\/privacy\/\">http:\/\/www.google.com\/intl\/es\/policies\/privacy\/<\/a><\/p>\n\n\n\n<p>Es pot trobar m\u00e9s informaci\u00f3 dels termes i condicions d&#8217;\u00fas i la pol\u00edtica de privacitat de les dades a <a href=\"http:\/\/www.google.com\/analytics\/terms\/gb.html\">http:\/\/www.Google.com\/Analytics\/terms\/GB.html<\/a><\/p>\n\n\n\n<p>O a <a href=\"http:\/\/www.google.com\/intl\/en_uk\/analytics\/privacyoverview.html\">http:\/\/www.Google.com\/intl\/en_UK\/Analytics\/privacyoverview.html<\/a><\/p>\n\n\n\n<p>En aquest lloc web, el codi de\u00a0 Google Analytics es complementa amb \u00abgat.Anonymize Ip();\u00bb per garantir una recollida an\u00f2nima d&#8217;IP (anomenat IP Masquerade).<\/p>\n\n\n\n<p>Com a alternativa al complement del navegador, pot fer <em><a href=\"#\">click<\/a><\/em>  en aquest enlla\u00e7 per evitar la recopilaci\u00f3 per Google Analytics en aquest lloc web.<\/p>\n<\/div><\/div>\n\n<div style=\"height:100px\" aria-hidden=\"true\" class=\"wp-block-spacer\"><\/div>\n","protected":false},"excerpt":{"rendered":"<p>Aquest lloc web utilitza cookies pr\u00f2pies i de tercers la finalitat de les quals \u00e9s facilitar la navegaci\u00f3, el seu correcte funcionament i realitzar estad\u00edstiques de &#8230; <a title=\"Pol\u00edtica de cookies\" class=\"read-more\" href=\"https:\/\/test.institutpsicologia.cat\/es\/politica-de-cookies\/\" aria-label=\"Leer m\u00e1s sobre Pol\u00edtica de cookies\">Leer m\u00e1s<\/a><\/p>\n","protected":false},"author":1,"featured_media":0,"parent":0,"menu_order":0,"comment_status":"closed","ping_status":"closed","template":"","meta":{"_acf_changed":false,"_themeisle_gutenberg_block_has_review":false,"footnotes":""},"class_list":["post-31142","page","type-page","status-publish"],"acf":[],"_links":{"self":[{"href":"https:\/\/test.institutpsicologia.cat\/es\/wp-json\/wp\/v2\/pages\/31142","targetHints":{"allow":["GET"]}}],"collection":[{"href":"https:\/\/test.institutpsicologia.cat\/es\/wp-json\/wp\/v2\/pages"}],"about":[{"href":"https:\/\/test.institutpsicologia.cat\/es\/wp-json\/wp\/v2\/types\/page"}],"author":[{"embeddable":true,"href":"https:\/\/test.institutpsicologia.cat\/es\/wp-json\/wp\/v2\/users\/1"}],"replies":[{"embeddable":true,"href":"https:\/\/test.institutpsicologia.cat\/es\/wp-json\/wp\/v2\/comments?post=31142"}],"version-history":[{"count":2,"href":"https:\/\/test.institutpsicologia.cat\/es\/wp-json\/wp\/v2\/pages\/31142\/revisions"}],"predecessor-version":[{"id":31655,"href":"https:\/\/test.institutpsicologia.cat\/es\/wp-json\/wp\/v2\/pages\/31142\/revisions\/31655"}],"wp:attachment":[{"href":"https:\/\/test.institutpsicologia.cat\/es\/wp-json\/wp\/v2\/media?parent=31142"}],"curies":[{"name":"wp","href":"https:\/\/api.w.org\/{rel}","templated":true}]}}