{"id":30975,"date":"2023-09-15T10:13:02","date_gmt":"2023-09-15T09:13:02","guid":{"rendered":"https:\/\/test.institutpsicologia.cat\/adultos\/acompanyament-en-situacions-de-dol-divorcis-i-altres-processos-adaptatius"},"modified":"2023-12-20T21:34:39","modified_gmt":"2023-12-20T20:34:39","slug":"acompanamiento-en-situaciones-de-duelo-divorcios-y-otros-procesos-adaptativos","status":"publish","type":"page","link":"https:\/\/test.institutpsicologia.cat\/es\/adultos\/acompanamiento-en-situaciones-de-duelo-divorcios-y-otros-procesos-adaptativos\/","title":{"rendered":"Acompa\u00f1amiento en situaciones de duelo, divorcios y otros procesos adaptativos"},"content":{"rendered":"\n\t<div id=\"cabecerainterior-block_71f666d4dad672fa9a14c6df7fa6bc59\" class=\"cabecerainterior lazy\">\n\t\t<div class=\"cabint-image\">\n\t\t\t<img decoding=\"async\" src=\"https:\/\/test.institutpsicologia.cat\/wp-content\/uploads\/2023\/09\/3.6-A-QUI-ENS-ADRECEM_ACOMPANYAMENT.jpg\" alt=\"\">\n\t\t<\/div>\n\t\t<div class=\"cabint-info\">\n\t\t\t<h1 class=\"cabint-info__titol\">\n\t\t\t\tAcompa\u00f1amiento en procesos adaptativos\t\t\t<\/h1>\n\t\t<\/div>\n\t<\/div>\n\n\t\n\n\t<div iid=\"text-block_898b4bc247c8771a4d0066c0584b1417\" class=\"text-simple lazy\">    <div class=\"grid-container\">\n      <!-- Item -->\n      <div class=\"text-simple__text\">\n        <h2 class=\"titol_bloc\">Acompa\u00f1amiento en situaciones de duelo, divorcios y otros procesos adaptativos<\/h2>\n      \t<div class=\"text_bloc\">\n        \t<p>Desafortunadamente, a lo largo de la vida nos enfrentamos a p\u00e9rdidas y cambios vitales que conllevan un gran sufrimiento. El acompa\u00f1amiento profesional ayuda a entender y aceptar c\u00f3mo nos sentimos, qu\u00e9 pensamos y qu\u00e9 hacemos con ese dolor para transitar por estos procesos de la mejor manera posible, evitando que el malestar se cronifique o genere nuevos conflictos y problemas.<\/p>\n<p>Cuando se trata de la muerte de uno de los progenitores de un ni\u00f1o, se necesita asesoramiento para saber c\u00f3mo comunicar una noticia para la cual nadie se siente preparado y c\u00f3mo involucrarlos en la despedida. Del mismo modo, cuando una pareja est\u00e1 considerando la separaci\u00f3n, tambi\u00e9n es muy recomendable buscar asesoramiento especializado. Enfrentar estas situaciones de manera adecuada puede evitar mucho sufrimiento, no solo para los hijos, sino tambi\u00e9n para los progenitores. La mayor\u00eda de los ni\u00f1os, ni\u00f1as y adolescentes superan las separaciones sin secuelas y aceptan las nuevas estructuras familiares. Sin embargo, para facilitar esto, es necesario asesorarse sobre c\u00f3mo explicar la situaci\u00f3n a los hijos y c\u00f3mo organizarse de la mejor manera posible. Todos los recursos que ayuden a evitar conflictos en general, conflictos de lealtad en particular, y sufrimiento emocional son absolutamente imprescindibles.<\/p>\n<p>Habitualmente, en todas estas situaciones se genera mucho ruido; familiares y amigos ofrecen consejos con las mejores intenciones, y los profesionales del derecho de familia asesoran desde su perspectiva.<\/p>\n<p>En la Fundaci\u00f3n Instituto de Psicolog\u00eda te ofrecemos un espacio neutral dentro del contexto de la salud, bas\u00e1ndonos exclusivamente en los conocimientos de la psicolog\u00eda y la salud mental, y considerando las particularidades de cada caso con el respeto, la calidez y la empat\u00eda imprescindibles en momentos tan delicados. Nuestro objetivo es asesorar y llevar a cabo una intervenci\u00f3n que favorezca el bienestar emocional de todos los afectados.<\/p>\n      \t<\/div>\n     \t<\/div>\n      <!-- .\/ Item -->\n    <\/div>\n  <\/div>\n\n\t","protected":false},"excerpt":{"rendered":"","protected":false},"author":1,"featured_media":0,"parent":30943,"menu_order":6,"comment_status":"closed","ping_status":"closed","template":"","meta":{"_acf_changed":false,"_themeisle_gutenberg_block_has_review":false,"footnotes":""},"class_list":["post-30975","page","type-page","status-publish"],"acf":[],"_links":{"self":[{"href":"https:\/\/test.institutpsicologia.cat\/es\/wp-json\/wp\/v2\/pages\/30975","targetHints":{"allow":["GET"]}}],"collection":[{"href":"https:\/\/test.institutpsicologia.cat\/es\/wp-json\/wp\/v2\/pages"}],"about":[{"href":"https:\/\/test.institutpsicologia.cat\/es\/wp-json\/wp\/v2\/types\/page"}],"author":[{"embeddable":true,"href":"https:\/\/test.institutpsicologia.cat\/es\/wp-json\/wp\/v2\/users\/1"}],"replies":[{"embeddable":true,"href":"https:\/\/test.institutpsicologia.cat\/es\/wp-json\/wp\/v2\/comments?post=30975"}],"version-history":[{"count":2,"href":"https:\/\/test.institutpsicologia.cat\/es\/wp-json\/wp\/v2\/pages\/30975\/revisions"}],"predecessor-version":[{"id":30978,"href":"https:\/\/test.institutpsicologia.cat\/es\/wp-json\/wp\/v2\/pages\/30975\/revisions\/30978"}],"up":[{"embeddable":true,"href":"https:\/\/test.institutpsicologia.cat\/es\/wp-json\/wp\/v2\/pages\/30943"}],"wp:attachment":[{"href":"https:\/\/test.institutpsicologia.cat\/es\/wp-json\/wp\/v2\/media?parent=30975"}],"curies":[{"name":"wp","href":"https:\/\/api.w.org\/{rel}","templated":true}]}}