{"id":30962,"date":"2023-09-15T10:10:43","date_gmt":"2023-09-15T09:10:43","guid":{"rendered":"https:\/\/test.institutpsicologia.cat\/adultos\/terapia-de-parella"},"modified":"2023-12-20T21:19:13","modified_gmt":"2023-12-20T20:19:13","slug":"terapia-de-pareja","status":"publish","type":"page","link":"https:\/\/test.institutpsicologia.cat\/es\/adultos\/terapia-de-pareja\/","title":{"rendered":"Terapia de pareja"},"content":{"rendered":"\n\t<div id=\"cabecerainterior-block_c4ecaf7ffadc0f32545857c727414beb\" class=\"cabecerainterior lazy\">\n\t\t<div class=\"cabint-image\">\n\t\t\t<img decoding=\"async\" src=\"https:\/\/test.institutpsicologia.cat\/wp-content\/uploads\/2023\/09\/3.5-A-QUI-ENS-ADRECEM_PARELLA.jpg\" alt=\"\">\n\t\t<\/div>\n\t\t<div class=\"cabint-info\">\n\t\t\t<h1 class=\"cabint-info__titol\">\n\t\t\t\tTerapia de pareja\t\t\t<\/h1>\n\t\t<\/div>\n\t<\/div>\n\n\t\n\n\t<div iid=\"text-block_d672b42053f2a1816a075d2f8808a316\" class=\"text-simple lazy\">    <div class=\"grid-container\">\n      <!-- Item -->\n      <div class=\"text-simple__text\">\n        <h2 class=\"titol_bloc\"><\/h2>\n      \t<div class=\"text_bloc\">\n        \t<p>Las demandas de la vida adulta en nuestra sociedad, la rutina, el estr\u00e9s, las responsabilidades laborales de los miembros de la pareja, etc., hacen que, a menudo, con la convivencia aparezcan una serie de conflictos que disminuyen la calidad de vida y enrarecen la relaci\u00f3n poniendo en riesgo su continuidad. Cuando los miembros de una pareja desean remediar esta situaci\u00f3n, se recomienda iniciar un proceso de terapia de pareja que ayude a redescubrirse, establecer una buena comunicaci\u00f3n, proporcionar estrategias para resolver conflictos y, en definitiva, sanar la relaci\u00f3n y volver a entusiasmar a los miembros de la pareja para convertir la crisis en una oportunidad de mejorar su calidad.<\/p>\n<p>En la Fundaci\u00f3n Instituto de Psicolog\u00eda encontrar\u00e9is psic\u00f3logas de adultos especializadas en terapia de pareja que os acompa\u00f1ar\u00e1n en este proceso de renovaci\u00f3n de vuestra relaci\u00f3n. Se crear\u00e1n espacios de confidencialidad y respeto para abordar todas aquellas cuestiones que puedan contribuir a mejorarla.<\/p>\n      \t<\/div>\n     \t<\/div>\n      <!-- .\/ Item -->\n    <\/div>\n  <\/div>\n\n\t","protected":false},"excerpt":{"rendered":"","protected":false},"author":1,"featured_media":0,"parent":30943,"menu_order":5,"comment_status":"closed","ping_status":"closed","template":"","meta":{"_acf_changed":false,"_themeisle_gutenberg_block_has_review":false,"footnotes":""},"class_list":["post-30962","page","type-page","status-publish"],"acf":[],"_links":{"self":[{"href":"https:\/\/test.institutpsicologia.cat\/es\/wp-json\/wp\/v2\/pages\/30962","targetHints":{"allow":["GET"]}}],"collection":[{"href":"https:\/\/test.institutpsicologia.cat\/es\/wp-json\/wp\/v2\/pages"}],"about":[{"href":"https:\/\/test.institutpsicologia.cat\/es\/wp-json\/wp\/v2\/types\/page"}],"author":[{"embeddable":true,"href":"https:\/\/test.institutpsicologia.cat\/es\/wp-json\/wp\/v2\/users\/1"}],"replies":[{"embeddable":true,"href":"https:\/\/test.institutpsicologia.cat\/es\/wp-json\/wp\/v2\/comments?post=30962"}],"version-history":[{"count":2,"href":"https:\/\/test.institutpsicologia.cat\/es\/wp-json\/wp\/v2\/pages\/30962\/revisions"}],"predecessor-version":[{"id":30964,"href":"https:\/\/test.institutpsicologia.cat\/es\/wp-json\/wp\/v2\/pages\/30962\/revisions\/30964"}],"up":[{"embeddable":true,"href":"https:\/\/test.institutpsicologia.cat\/es\/wp-json\/wp\/v2\/pages\/30943"}],"wp:attachment":[{"href":"https:\/\/test.institutpsicologia.cat\/es\/wp-json\/wp\/v2\/media?parent=30962"}],"curies":[{"name":"wp","href":"https:\/\/api.w.org\/{rel}","templated":true}]}}