{"id":30958,"date":"2023-09-15T10:05:00","date_gmt":"2023-09-15T09:05:00","guid":{"rendered":"https:\/\/test.institutpsicologia.cat\/adultos\/trastorns-de-la-conducta-alimentaria-tca"},"modified":"2023-12-20T21:17:44","modified_gmt":"2023-12-20T20:17:44","slug":"trastornos-de-la-conducta-alimentaria-tca","status":"publish","type":"page","link":"https:\/\/test.institutpsicologia.cat\/es\/adultos\/trastornos-de-la-conducta-alimentaria-tca\/","title":{"rendered":"Trastornos de la conducta alimentaria (TCA)"},"content":{"rendered":"\n\t<div id=\"cabecerainterior-block_c782cd74f8dc89ea3246df7f7de66685\" class=\"cabecerainterior lazy\">\n\t\t<div class=\"cabint-image\">\n\t\t\t<img decoding=\"async\" src=\"https:\/\/test.institutpsicologia.cat\/wp-content\/uploads\/2023\/09\/3.3-A-QUI-ENS-ADRECEM_ALIMENTACIO.jpg\" alt=\"\">\n\t\t<\/div>\n\t\t<div class=\"cabint-info\">\n\t\t\t<h1 class=\"cabint-info__titol\">\n\t\t\t\tTrastornos de la conducta alimentaria (TCA)\t\t\t<\/h1>\n\t\t<\/div>\n\t<\/div>\n\n\t\n\n\t<div iid=\"text-block_89234fafe88caf8ff9b06fead87d2b35\" class=\"text-simple lazy\">    <div class=\"grid-container\">\n      <!-- Item -->\n      <div class=\"text-simple__text\">\n        <h2 class=\"titol_bloc\"><\/h2>\n      \t<div class=\"text_bloc\">\n        \t<p>Los TCA son un conjunto de alteraciones graves relacionadas con la ingesta de alimentos, como, por ejemplo, restricci\u00f3n de la alimentaci\u00f3n, atracones, obsesi\u00f3n por el peso y la imagen corporal, p\u00e9rdida de peso, que a menudo est\u00e1n asociados con ciertas caracter\u00edsticas psicol\u00f3gicas como un elevado perfeccionismo, impulsividad, baja autoestima, insatisfacci\u00f3n con la imagen corporal, etc.<\/p>\n<p>Aparecen con mayor frecuencia en la adolescencia debido a la mayor vulnerabilidad que presentamos las personas en esta etapa de la vida, en la que se est\u00e1 formando nuestra identidad y se producen cambios corporales importantes. La incidencia es mayor en mujeres, aunque en los \u00faltimos a\u00f1os se ha detectado un aumento en los hombres.<\/p>\n      \t<\/div>\n     \t<\/div>\n      <!-- .\/ Item -->\n    <\/div>\n  <\/div>\n\n\t\n\n<div iid=\"accordion-block_5e629acb71755c1fe57c4b480d4566e2\" class=\"accordion lazy\">\t<div class=\"grid-container\">\n\t\t\t\t\t\t\t  <div class=\"accordion__item\">\n\t\t    <button class=\"accordion__toggle\">\n\t\t\t\t\tAnorexia nerviosa\t\t    <\/button>\n\t\t    <div class=\"accordion__body\">\n\t\t      <p>\n\t\t      \t<p>Se caracteriza principalmente por la restricci\u00f3n de la ingesta de alimentos, lo que conduce a un peso inferior al m\u00ednimo esperado. La persona niega el peligro que pueda comportar esta p\u00e9rdida de peso, aunque presente consecuencias f\u00edsicas como ca\u00edda del cabello, sequedad en la piel, falta de menstruaci\u00f3n, desnutrici\u00f3n y desequilibrios hormonales. La persona experimenta un miedo intenso a ganar peso o engordar y tiene una percepci\u00f3n muy alterada de su propio peso. Adem\u00e1s, la persona puede presentar (o no) regularmente atracones y\/o purgas, por ejemplo, mediante la provocaci\u00f3n del v\u00f3mito o el uso excesivo de laxantes, diur\u00e9ticos o enemas. A menudo, realizan ejercicio f\u00edsico intenso con la intenci\u00f3n de seguir perdiendo peso.<\/p>\n\t\t      <\/p>\n\t\t    <\/div>\n\t\t  <\/div>\n\t\t\t\t\t\t  <div class=\"accordion__item\">\n\t\t    <button class=\"accordion__toggle\">\n\t\t\t\t\tBulimia nerviosa\t\t    <\/button>\n\t\t    <div class=\"accordion__body\">\n\t\t      <p>\n\t\t      \t<p>Se caracteriza por episodios recurrentes de atracones, que consisten en ingerir en un corto per\u00edodo de tiempo una cantidad de alimentos mayor de la considerada normal, con una sensaci\u00f3n de p\u00e9rdida de control. Adem\u00e1s, se llevan a cabo conductas compensatorias inapropiadas como provocar el v\u00f3mito, uso excesivo de laxantes, diur\u00e9ticos, enemas u otros f\u00e1rmacos, ayuno y ejercicio excesivo. Por sus caracter\u00edsticas, es un trastorno menos visible que la anorexia, ya que no implica necesariamente una p\u00e9rdida de peso.<\/p>\n\t\t      <\/p>\n\t\t    <\/div>\n\t\t  <\/div>\n\t\t\t\t\t\t  <div class=\"accordion__item\">\n\t\t    <button class=\"accordion__toggle\">\n\t\t\t\t\tTrastorno por atrac\u00f3n\t\t    <\/button>\n\t\t    <div class=\"accordion__body\">\n\t\t      <p>\n\t\t      \t<p>Se caracteriza por la presencia de episodios recurrentes de ingesta excesiva con una sensaci\u00f3n de p\u00e9rdida de control. Se diferencia de la bulimia porque no hay comportamientos compensatorios inapropiados. Sin embargo, los atracones son frecuentes, al menos una vez a la semana, y causan malestar intenso en la persona. En la mayor\u00eda de los casos, hay un aumento de peso, lo que puede llevar a una situaci\u00f3n de sobrepeso u obesidad.<\/p>\n\t\t      <\/p>\n\t\t    <\/div>\n\t\t  <\/div>\n\t\t    <\/div>\n<\/div>","protected":false},"excerpt":{"rendered":"","protected":false},"author":1,"featured_media":0,"parent":30943,"menu_order":3,"comment_status":"closed","ping_status":"closed","template":"","meta":{"_acf_changed":false,"_themeisle_gutenberg_block_has_review":false,"footnotes":""},"class_list":["post-30958","page","type-page","status-publish"],"acf":[],"_links":{"self":[{"href":"https:\/\/test.institutpsicologia.cat\/es\/wp-json\/wp\/v2\/pages\/30958","targetHints":{"allow":["GET"]}}],"collection":[{"href":"https:\/\/test.institutpsicologia.cat\/es\/wp-json\/wp\/v2\/pages"}],"about":[{"href":"https:\/\/test.institutpsicologia.cat\/es\/wp-json\/wp\/v2\/types\/page"}],"author":[{"embeddable":true,"href":"https:\/\/test.institutpsicologia.cat\/es\/wp-json\/wp\/v2\/users\/1"}],"replies":[{"embeddable":true,"href":"https:\/\/test.institutpsicologia.cat\/es\/wp-json\/wp\/v2\/comments?post=30958"}],"version-history":[{"count":2,"href":"https:\/\/test.institutpsicologia.cat\/es\/wp-json\/wp\/v2\/pages\/30958\/revisions"}],"predecessor-version":[{"id":30961,"href":"https:\/\/test.institutpsicologia.cat\/es\/wp-json\/wp\/v2\/pages\/30958\/revisions\/30961"}],"up":[{"embeddable":true,"href":"https:\/\/test.institutpsicologia.cat\/es\/wp-json\/wp\/v2\/pages\/30943"}],"wp:attachment":[{"href":"https:\/\/test.institutpsicologia.cat\/es\/wp-json\/wp\/v2\/media?parent=30958"}],"curies":[{"name":"wp","href":"https:\/\/api.w.org\/{rel}","templated":true}]}}