{"id":30936,"date":"2023-09-15T10:20:24","date_gmt":"2023-09-15T09:20:24","guid":{"rendered":"https:\/\/test.institutpsicologia.cat\/families"},"modified":"2023-12-20T20:48:13","modified_gmt":"2023-12-20T19:48:13","slug":"familias","status":"publish","type":"page","link":"https:\/\/test.institutpsicologia.cat\/es\/familias\/","title":{"rendered":"Familias"},"content":{"rendered":"\n\t<div id=\"cabecerainterior-block_366ac61c73cc1d07dbabbcc8f227f27b\" class=\"cabecerainterior lazy\">\n\t\t<div class=\"cabint-image\">\n\t\t\t<img decoding=\"async\" src=\"https:\/\/test.institutpsicologia.cat\/wp-content\/uploads\/2023\/09\/4.1-A-QUI-ENS-ADRECEM_FAMILIES.jpg\" alt=\"\">\n\t\t<\/div>\n\t\t<div class=\"cabint-info\">\n\t\t\t<h1 class=\"cabint-info__titol\">\n\t\t\t\tFamilias\t\t\t<\/h1>\n\t\t<\/div>\n\t<\/div>\n\n\t\n\n\t<div iid=\"text-block_286610b280863d92cd5fe8b439d3bb51\" class=\"text-simple lazy\">    <div class=\"grid-container\">\n      <!-- Item -->\n      <div class=\"text-simple__text\">\n        <h2 class=\"titol_bloc\"><\/h2>\n      \t<div class=\"text_bloc\">\n        \t<p>La familia es uno de los pilares b\u00e1sicos que configuran nuestra personalidad. Educar no es f\u00e1cil y a menudo se tiene la percepci\u00f3n de que cada vez es m\u00e1s dif\u00edcil. A pesar de ello, existen estilos educativos bien estudiados y definidos que contribuyen al desarrollo arm\u00f3nico de nuestros hijos e hijas. Paralelamente, los cambios de ciclo de los miembros de la familia pueden experimentarse como un crecimiento familiar, pero tambi\u00e9n pueden ser fuente de incertidumbres y conflictos con la pareja o los hijos e hijas. El asesoramiento psicol\u00f3gico permite entender mejor la situaci\u00f3n, restaurar la comunicaci\u00f3n y mejorar las relaciones interpersonales.<\/p>\n<p>La Fundaci\u00f3n Instituto de Psicolog\u00eda ofrece un espacio de orientaci\u00f3n donde padres y madres con hijos e hijas de edades similares intercambian experiencias y conocimientos con profesionales de la educaci\u00f3n y psic\u00f3logos especializados que les proporcionan pautas educativas. Este espacio se lleva a cabo en forma de charlas, coloquios y grupos de familias. Tambi\u00e9n se puede solicitar una visita individual para recibir asesoramiento profesional en situaciones espec\u00edficas y particulares de cada familia.<\/p>\n      \t<\/div>\n     \t<\/div>\n      <!-- .\/ Item -->\n    <\/div>\n  <\/div>\n\n\t","protected":false},"excerpt":{"rendered":"","protected":false},"author":1,"featured_media":0,"parent":0,"menu_order":0,"comment_status":"closed","ping_status":"closed","template":"","meta":{"_acf_changed":false,"_themeisle_gutenberg_block_has_review":false,"footnotes":""},"class_list":["post-30936","page","type-page","status-publish"],"acf":[],"_links":{"self":[{"href":"https:\/\/test.institutpsicologia.cat\/es\/wp-json\/wp\/v2\/pages\/30936","targetHints":{"allow":["GET"]}}],"collection":[{"href":"https:\/\/test.institutpsicologia.cat\/es\/wp-json\/wp\/v2\/pages"}],"about":[{"href":"https:\/\/test.institutpsicologia.cat\/es\/wp-json\/wp\/v2\/types\/page"}],"author":[{"embeddable":true,"href":"https:\/\/test.institutpsicologia.cat\/es\/wp-json\/wp\/v2\/users\/1"}],"replies":[{"embeddable":true,"href":"https:\/\/test.institutpsicologia.cat\/es\/wp-json\/wp\/v2\/comments?post=30936"}],"version-history":[{"count":2,"href":"https:\/\/test.institutpsicologia.cat\/es\/wp-json\/wp\/v2\/pages\/30936\/revisions"}],"predecessor-version":[{"id":30938,"href":"https:\/\/test.institutpsicologia.cat\/es\/wp-json\/wp\/v2\/pages\/30936\/revisions\/30938"}],"wp:attachment":[{"href":"https:\/\/test.institutpsicologia.cat\/es\/wp-json\/wp\/v2\/media?parent=30936"}],"curies":[{"name":"wp","href":"https:\/\/api.w.org\/{rel}","templated":true}]}}