{"id":30928,"date":"2023-09-14T19:05:14","date_gmt":"2023-09-14T18:05:14","guid":{"rendered":"https:\/\/test.institutpsicologia.cat\/ninos-y-adolescentes\/alteracions-emocionals"},"modified":"2023-12-20T20:31:38","modified_gmt":"2023-12-20T19:31:38","slug":"alteraciones-emocionales","status":"publish","type":"page","link":"https:\/\/test.institutpsicologia.cat\/es\/ninos-y-adolescentes\/alteraciones-emocionales\/","title":{"rendered":"Alteraciones emocionales"},"content":{"rendered":"\n\t<div id=\"cabecerainterior-block_4eab0834424c4cc2e49b7003c58502a8\" class=\"cabecerainterior lazy\">\n\t\t<div class=\"cabint-image\">\n\t\t\t<img decoding=\"async\" src=\"https:\/\/test.institutpsicologia.cat\/wp-content\/uploads\/2023\/11\/3.2-Trastorns2.jpg\" alt=\"\">\n\t\t<\/div>\n\t\t<div class=\"cabint-info\">\n\t\t\t<h1 class=\"cabint-info__titol\">\n\t\t\t\tAlteraciones emocionales\t\t\t<\/h1>\n\t\t<\/div>\n\t<\/div>\n\n\t\n\n\t<div iid=\"text-block_bb0f44a9042a74e56c77f254974fdc04\" class=\"text-simple lazy\">    <div class=\"grid-container\">\n      <!-- Item -->\n      <div class=\"text-simple__text\">\n        <h2 class=\"titol_bloc\"><\/h2>\n      \t<div class=\"text_bloc\">\n        \t<p>Las emociones son fundamentales para sobrevivir. Nos proporcionan alegr\u00eda y bienestar, y tambi\u00e9n respuestas adaptativas a situaciones que requieren reacciones r\u00e1pidas; nos ayudan a establecer v\u00ednculos afectivos, a socializarnos y a motivarnos hacia diferentes aprendizajes y experiencias. Desafortunadamente, hay ocasiones en las que aparecen estados persistentes donde la tristeza y el miedo se instalan en nuestra vida, provocando un nivel de sufrimiento elevado que puede derivar en trastornos depresivos o de ansiedad u otros trastornos afectivos.<\/p>\n<p>Antiguamente se pensaba que los ni\u00f1os y ni\u00f1as no padec\u00edan estos trastornos. Actualmente, nadie niega su existencia en la infancia y la adolescencia. Es m\u00e1s, se ha constatado que la adolescencia es un per\u00edodo de especial vulnerabilidad.<\/p>\n<p>Los psic\u00f3logos infantojuveniles estamos especializados en favorecer estrategias de autorregulaci\u00f3n emocional e implementar tratamientos eficaces que ayuden a remitir estas alteraciones emocionales y a afrontar situaciones que generan ansiedad o tristeza. El tratamiento en estas edades proporciona herramientas de gesti\u00f3n emocional que les ser\u00e1n \u00fatiles a lo largo de toda la vida.<\/p>\n      \t<\/div>\n     \t<\/div>\n      <!-- .\/ Item -->\n    <\/div>\n  <\/div>\n\n\t","protected":false},"excerpt":{"rendered":"","protected":false},"author":1,"featured_media":0,"parent":30902,"menu_order":5,"comment_status":"closed","ping_status":"closed","template":"","meta":{"_acf_changed":false,"_themeisle_gutenberg_block_has_review":false,"footnotes":""},"class_list":["post-30928","page","type-page","status-publish"],"acf":[],"_links":{"self":[{"href":"https:\/\/test.institutpsicologia.cat\/es\/wp-json\/wp\/v2\/pages\/30928","targetHints":{"allow":["GET"]}}],"collection":[{"href":"https:\/\/test.institutpsicologia.cat\/es\/wp-json\/wp\/v2\/pages"}],"about":[{"href":"https:\/\/test.institutpsicologia.cat\/es\/wp-json\/wp\/v2\/types\/page"}],"author":[{"embeddable":true,"href":"https:\/\/test.institutpsicologia.cat\/es\/wp-json\/wp\/v2\/users\/1"}],"replies":[{"embeddable":true,"href":"https:\/\/test.institutpsicologia.cat\/es\/wp-json\/wp\/v2\/comments?post=30928"}],"version-history":[{"count":2,"href":"https:\/\/test.institutpsicologia.cat\/es\/wp-json\/wp\/v2\/pages\/30928\/revisions"}],"predecessor-version":[{"id":30930,"href":"https:\/\/test.institutpsicologia.cat\/es\/wp-json\/wp\/v2\/pages\/30928\/revisions\/30930"}],"up":[{"embeddable":true,"href":"https:\/\/test.institutpsicologia.cat\/es\/wp-json\/wp\/v2\/pages\/30902"}],"wp:attachment":[{"href":"https:\/\/test.institutpsicologia.cat\/es\/wp-json\/wp\/v2\/media?parent=30928"}],"curies":[{"name":"wp","href":"https:\/\/api.w.org\/{rel}","templated":true}]}}