{"id":30917,"date":"2023-09-14T18:49:00","date_gmt":"2023-09-14T17:49:00","guid":{"rendered":"https:\/\/test.institutpsicologia.cat\/ninos-y-adolescentes\/suport-psicopedagogic-reeducacions-psicopedagogiques"},"modified":"2023-12-20T20:15:49","modified_gmt":"2023-12-20T19:15:49","slug":"apoyo-psicopedagogico","status":"publish","type":"page","link":"https:\/\/test.institutpsicologia.cat\/es\/ninos-y-adolescentes\/apoyo-psicopedagogico\/","title":{"rendered":"Apoyo psicopedag\u00f3gico"},"content":{"rendered":"\n\t<div id=\"cabecerainterior-block_995ff07be2bd9f175ab8c73736712fc0\" class=\"cabecerainterior lazy\">\n\t\t<div class=\"cabint-image\">\n\t\t\t<img decoding=\"async\" src=\"https:\/\/test.institutpsicologia.cat\/wp-content\/uploads\/2023\/11\/2.3-A-QUI-ENS-ADRECEM_REEDUCACIO2.jpg\" alt=\"\">\n\t\t<\/div>\n\t\t<div class=\"cabint-info\">\n\t\t\t<h1 class=\"cabint-info__titol\">\n\t\t\t\tApoyo psicopedag\u00f3gico\t\t\t<\/h1>\n\t\t<\/div>\n\t<\/div>\n\n\t\n\n\t<div iid=\"text-block_d603e4f5f575ba5624c43db27ebb2d83\" class=\"text-simple lazy\">    <div class=\"grid-container\">\n      <!-- Item -->\n      <div class=\"text-simple__text\">\n        <h2 class=\"titol_bloc\"><\/h2>\n      \t<div class=\"text_bloc\">\n        \t<p>El apoyo psicopedag\u00f3gico realizado y las sesiones de reeducaci\u00f3n psicopedag\u00f3gica est\u00e1n dirigidas a ni\u00f1os y adolescentes que presentan dificultades en los aprendizajes y\/o en la motivaci\u00f3n hacia las tareas escolares y el estudio.<\/p>\n<p>Hay estudiantes que, para mejorar el rendimiento escolar, requieren un acompa\u00f1amiento individualizado y ajustado a las necesidades espec\u00edficas de su proceso de aprendizaje y estudio que les ayude a planificarse, a organizarse y a afrontar un tiempo de estudio de calidad.<\/p>\n<p>En ocasiones, tambi\u00e9n puede ser conveniente liberar a la familia de tener que estudiar y hacer deberes con ellos para preservar la relaci\u00f3n familiar y as\u00ed evitar que las tareas escolares se conviertan en un motivo de discusi\u00f3n y tensi\u00f3n.<\/p>\n<p>En todas estas situaciones, contar con profesionales especializados, motivados y formados en estrategias de aprendizaje y t\u00e9cnicas de estudio es un elemento clave para ayudar al alumnado a superar, minimizar o compensar las dificultades acad\u00e9micas.<\/p>\n<p>Algunos de los trastornos m\u00e1s frecuentes que requieren de intervenci\u00f3n psicopedag\u00f3gica o reeducaci\u00f3n son el TDAH, la dislexia y la discalculia.<\/p>\n      \t<\/div>\n     \t<\/div>\n      <!-- .\/ Item -->\n    <\/div>\n  <\/div>\n\n\t\n\n\t<div id=\"testimonio-block_2161dab3a3338af0950c63be4e531598\" class=\"testimonio_static lazy\">\t\t\t\t<div class=\"testimonio-info slider_text\">\t\t<p class=\"cita\"><span>\u00ab<\/span>Eso que un ni\u00f1o puede hacer hoy con ayuda, ma\u00f1ana ser\u00e1 capaz de hacerlo por s\u00ed mismo.\u00bb<\/p>\t\t<div class=\"nom_wrapper\"><h3 class=\"nom\">Vigotsky<\/h3>\t\t<\/div>\t<\/div>\n<\/div>\n\n\n\t<div iid=\"text-block_dbe6c85ed7908b9b20b64ac4dfa7d697\" class=\"text-simple lazy\">    <div class=\"grid-container\">\n      <!-- Item -->\n      <div class=\"text-simple__text\">\n        <h2 class=\"titol_bloc\"><\/h2>\n      \t<div class=\"text_bloc\">\n        \t<p>En la Fundaci\u00f3n Instituto de Psicolog\u00eda contamos con un equipo de m\u00e1s de 30 profesionales especializados que pueden desplazarse a las escuelas o realizar la intervenci\u00f3n en nuestras instalaciones, para acompa\u00f1ar y brindar apoyo a sus hijos e hijas de manera coordinada con la escuela u otros profesionales implicados para favorecer un buen rendimiento escolar.<\/p>\n      \t<\/div>\n     \t<\/div>\n      <!-- .\/ Item -->\n    <\/div>\n  <\/div>\n\n\t","protected":false},"excerpt":{"rendered":"","protected":false},"author":1,"featured_media":0,"parent":30902,"menu_order":3,"comment_status":"closed","ping_status":"closed","template":"","meta":{"_acf_changed":false,"_themeisle_gutenberg_block_has_review":false,"footnotes":""},"class_list":["post-30917","page","type-page","status-publish"],"acf":[],"_links":{"self":[{"href":"https:\/\/test.institutpsicologia.cat\/es\/wp-json\/wp\/v2\/pages\/30917","targetHints":{"allow":["GET"]}}],"collection":[{"href":"https:\/\/test.institutpsicologia.cat\/es\/wp-json\/wp\/v2\/pages"}],"about":[{"href":"https:\/\/test.institutpsicologia.cat\/es\/wp-json\/wp\/v2\/types\/page"}],"author":[{"embeddable":true,"href":"https:\/\/test.institutpsicologia.cat\/es\/wp-json\/wp\/v2\/users\/1"}],"replies":[{"embeddable":true,"href":"https:\/\/test.institutpsicologia.cat\/es\/wp-json\/wp\/v2\/comments?post=30917"}],"version-history":[{"count":2,"href":"https:\/\/test.institutpsicologia.cat\/es\/wp-json\/wp\/v2\/pages\/30917\/revisions"}],"predecessor-version":[{"id":30920,"href":"https:\/\/test.institutpsicologia.cat\/es\/wp-json\/wp\/v2\/pages\/30917\/revisions\/30920"}],"up":[{"embeddable":true,"href":"https:\/\/test.institutpsicologia.cat\/es\/wp-json\/wp\/v2\/pages\/30902"}],"wp:attachment":[{"href":"https:\/\/test.institutpsicologia.cat\/es\/wp-json\/wp\/v2\/media?parent=30917"}],"curies":[{"name":"wp","href":"https:\/\/api.w.org\/{rel}","templated":true}]}}