{"id":30865,"date":"2023-09-15T10:46:18","date_gmt":"2023-09-15T09:46:18","guid":{"rendered":"https:\/\/test.institutpsicologia.cat\/com-ho-fem"},"modified":"2023-12-20T19:39:08","modified_gmt":"2023-12-20T18:39:08","slug":"como-lo-hacemos","status":"publish","type":"page","link":"https:\/\/test.institutpsicologia.cat\/es\/como-lo-hacemos\/","title":{"rendered":"C\u00f3mo lo hacemos"},"content":{"rendered":"\n\t<div id=\"cabecerainterior-block_30fed3bf28ced8490ba5cd213d320793\" class=\"cabecerainterior lazy\">\n\t\t<div class=\"cabint-image\">\n\t\t\t<img decoding=\"async\" src=\"https:\/\/test.institutpsicologia.cat\/wp-content\/uploads\/2023\/09\/5.-COM-HO-FEM--e1694102680417.jpg\" alt=\"\">\n\t\t<\/div>\n\t\t<div class=\"cabint-info\">\n\t\t\t<h1 class=\"cabint-info__titol\">\n\t\t\t\tC\u00f3mo lo hacemos\t\t\t<\/h1>\n\t\t<\/div>\n\t<\/div>\n\n\t\n\n\t<div id=\"textodestacado-block_9307b68b10329f8b4e484925b9646377\" class=\"text-destacat lazy\">\t\t<div class=\"grid-container\">\n\t\t\t<!-- Item -->\n        <div class=\"text-destacat__text\">\n\t\t\t\t\t<h2 class=\"titol_bloc\">El modelo de intervenci\u00f3n<\/h2>\n\t\t\t\t\t<div class=\"text_bloc\">\n\t\t\t\t\t\t<p>La intervenci\u00f3n psicol\u00f3gica parte en una gran diversidad de modelos psicol\u00f3gicos; por eso, existe una oferta de terapias amplia y diversa. A menudo, cuando se debe elegir a un psic\u00f3logo infantojuvenil o de adultos, las personas se sienten desorientadas porque no saben qu\u00e9 opci\u00f3n es la m\u00e1s recomendable ni d\u00f3nde pueden encontrar profesionales de calidad.<\/p>\n\t\t\t\t\t<\/div>\n\t\t\t\t<\/div>\n\t\t\t<!-- .\/ Item -->\t\n\t\t<\/div>\n\t<\/div>\n\n\t\n\n\t<div iid=\"text-block_5cb7db5f8d131317a865420f7f17c005\" class=\"text-simple lazy\">    <div class=\"grid-container\">\n      <!-- Item -->\n      <div class=\"text-simple__text\">\n        <h2 class=\"titol_bloc\"><\/h2>\n      \t<div class=\"text_bloc\">\n        \t<p>La Fundaci\u00f3n Instituto de Psicolog\u00eda trabaja siguiendo las orientaciones de las gu\u00edas de la buena pr\u00e1ctica cl\u00ednica. Estas gu\u00edas, ya sean nacionales o internacionales, recopilan las conclusiones de todos los estudios publicados en revistas cient\u00edficas de prestigio para indicar a los profesionales c\u00f3mo se debe evaluar y tratar cada uno de los problemas psicol\u00f3gicos descritos en la literatura cient\u00edfica. De esta manera, en la Fundaci\u00f3n Instituto de Psicolog\u00eda ofrecemos tratamientos basados en la evidencia que se han demostrado eficaces y eficientes.<\/p>\n<p>Por lo tanto, en la mayor\u00eda de los casos, nuestros tratamientos no son de larga duraci\u00f3n. Dependiendo de la gravedad y los problemas asociados, pueden durar entre 2 y 10 meses. Comenzamos con sesiones semanales de una hora y, cuando se observan mejoras, las espaciamos a sesiones quincenales de seguimiento, previas al alta terap\u00e9utica. Solo en los trastornos cr\u00f3nicos del neurodesarrollo (autismo o el desarrollo de la capacidad intelectual) o el da\u00f1o cerebral, ofrecemos tratamientos adaptados a las necesidades de cada momento del ciclo vital, con momentos de mayor o menor intensidad en las intervenciones.<\/p>\n      \t<\/div>\n     \t<\/div>\n      <!-- .\/ Item -->\n    <\/div>\n  <\/div>\n\n\t\n\n\n<div class=\"wp-block-group alignfull\"><div class=\"wp-block-group__inner-container is-layout-constrained wp-block-group-is-layout-constrained\">\t<div id=\"textodestacado-block_4a1ab6efdd46dd03c142e9486b780fc0\" class=\"text-destacat bg-ultra_clar lazy\">\t\t<div class=\"grid-container\">\n\t\t\t<!-- Item -->\n        <div class=\"text-destacat__text\">\n\t\t\t\t\t<h2 class=\"titol_bloc\"><\/h2>\n\t\t\t\t\t<div class=\"text_bloc\">\n\t\t\t\t\t\t<p>La mayor\u00eda de los tratamientos que han demostrado eficacia y mantienen los efectos positivos de la terapia a lo largo del tiempo parten del modelo cognitivo-conductual. Por eso, la Fundaci\u00f3n Instituto de Psicolog\u00eda fundamenta sus intervenciones en este modelo y en las terapias de 3a y 4a generaci\u00f3n.<\/p>\n\t\t\t\t\t<\/div>\n\t\t\t\t<\/div>\n\t\t\t<!-- .\/ Item -->\t\n\t\t<\/div>\n\t<\/div>\n\n\t\n\n\t<div id=\"text-block_ec31a0037373c2652abbccd03cc71cb0\" class=\"text-simple bg-ultra_clar lazy\">    <div class=\"grid-container\">\n      <!-- Item -->\n      <div class=\"text-simple__text\">\n        <h2 class=\"titol_bloc\"><\/h2>\n      \t<div class=\"text_bloc\">\n        \t<p>Ofrecemos tratamientos estructurados, donde la relaci\u00f3n entre el paciente y el psic\u00f3logo es de colaboraci\u00f3n, definiendo conjuntamente los objetivos que se quieren lograr. Nos centramos en los problemas actuales y en los factores que contribuyen a su persistencia en el momento presente.<\/p>\n<p>Realizamos intervenciones terap\u00e9uticas personalizadas que tienen como finalidad proporcionar las herramientas necesarias para prevenir, reducir o eliminar un problema, y ense\u00f1amos y potenciamos comportamientos adaptativos.<\/p>\n<p>Con el tratamiento psicol\u00f3gico se aprende a identificar pensamientos, emociones y comportamientos que son perjudiciales y que deben modificarse para mejorar y obtener un mayor bienestar.<\/p>\n      \t<\/div>\n     \t<\/div>\n      <!-- .\/ Item -->\n    <\/div>\n  <\/div>\n\n\t<\/div><\/div>\n\n\n\n<div style=\"height:60px\" aria-hidden=\"true\" class=\"wp-block-spacer\"><\/div>\n","protected":false},"excerpt":{"rendered":"","protected":false},"author":1,"featured_media":0,"parent":0,"menu_order":0,"comment_status":"closed","ping_status":"closed","template":"","meta":{"_acf_changed":false,"_themeisle_gutenberg_block_has_review":false,"footnotes":""},"class_list":["post-30865","page","type-page","status-publish"],"acf":[],"_links":{"self":[{"href":"https:\/\/test.institutpsicologia.cat\/es\/wp-json\/wp\/v2\/pages\/30865","targetHints":{"allow":["GET"]}}],"collection":[{"href":"https:\/\/test.institutpsicologia.cat\/es\/wp-json\/wp\/v2\/pages"}],"about":[{"href":"https:\/\/test.institutpsicologia.cat\/es\/wp-json\/wp\/v2\/types\/page"}],"author":[{"embeddable":true,"href":"https:\/\/test.institutpsicologia.cat\/es\/wp-json\/wp\/v2\/users\/1"}],"replies":[{"embeddable":true,"href":"https:\/\/test.institutpsicologia.cat\/es\/wp-json\/wp\/v2\/comments?post=30865"}],"version-history":[{"count":2,"href":"https:\/\/test.institutpsicologia.cat\/es\/wp-json\/wp\/v2\/pages\/30865\/revisions"}],"predecessor-version":[{"id":30868,"href":"https:\/\/test.institutpsicologia.cat\/es\/wp-json\/wp\/v2\/pages\/30865\/revisions\/30868"}],"wp:attachment":[{"href":"https:\/\/test.institutpsicologia.cat\/es\/wp-json\/wp\/v2\/media?parent=30865"}],"curies":[{"name":"wp","href":"https:\/\/api.w.org\/{rel}","templated":true}]}}